{"id":34,"date":"2022-11-03T12:27:22","date_gmt":"2022-11-03T11:27:22","guid":{"rendered":"https:\/\/www.portopetro-living.es\/?page_id=34"},"modified":"2023-02-15T09:07:31","modified_gmt":"2023-02-15T08:07:31","slug":"kontakt","status":"publish","type":"page","link":"https:\/\/www.portopetro-living.es\/es\/kontakt\/","title":{"rendered":"Contacto"},"content":{"rendered":"\n<div class=\"wp-block-columns is-layout-flex wp-container-core-columns-is-layout-9d6595d7 wp-block-columns-is-layout-flex\">\n<div class=\"wp-block-column is-layout-flow wp-block-column-is-layout-flow\">\n<h4 class=\"wp-block-heading\">PORTO PETRO LIVING, S.L.<\/h4>\n\n\n\n<p>Passeig d\u2019es Port, 52<br>07691 Porto Petro<br>Illes Balears, Espa\u00f1a<\/p>\n\n\n\n<p>Oficina: <strong>+34 971 86 36 02<\/strong><br>M\u00f3vil Julia Wilken: <strong>+34 637 86 99 87<\/strong><br>M\u00f3vil Andre K\u00f6th: <strong>+49 172 6695 724 | +34 633 1262 44<\/strong><\/p>\n\n\n\n<p>info@portopetro-living.com<br>yachting@portopetro-living.com<br>www.portopetro-living.com<\/p>\n\n\n\n<figure class=\"wp-block-image size-full\"><a href=\"https:\/\/www.google.com\/maps\/place\/Porto+Petro+Living\/@39.3614854,3.2086879,15z\/data=!4m2!3m1!1s0x0:0x9179056030439355?sa=X&#038;ved=2ahUKEwjZycfWlKv8AhVSVaQEHekhBCEQ_BJ6BAhkEAM\" target=\"_blank\" rel=\"noreferrer noopener\"><img loading=\"lazy\" decoding=\"async\" width=\"900\" height=\"574\" src=\"https:\/\/www.portopetro-living.es\/wp-content\/uploads\/2023\/01\/Porto-Petro-Living-google-maps_light.jpg\" alt=\"Anfahrt Porto Petro Living auf Mallorca\" class=\"wp-image-1260\" srcset=\"https:\/\/www.portopetro-living.es\/wp-content\/uploads\/2023\/01\/Porto-Petro-Living-google-maps_light.jpg 900w, https:\/\/www.portopetro-living.es\/wp-content\/uploads\/2023\/01\/Porto-Petro-Living-google-maps_light-300x191.jpg 300w, https:\/\/www.portopetro-living.es\/wp-content\/uploads\/2023\/01\/Porto-Petro-Living-google-maps_light-768x490.jpg 768w\" sizes=\"auto, (max-width: 900px) 100vw, 900px\" \/><\/a><figcaption class=\"wp-element-caption\">POR FAVOR, HACER CLIC PARA LLEGAR A GOOGLE MAPS<\/figcaption><\/figure>\n<\/div>\n\n\n\n<div class=\"wp-block-column is-layout-flow wp-block-column-is-layout-flow\">\n<h5 class=\"wp-block-heading\">Formulario de contacto<\/h5>\n\n\n\n<div class=\"wpcf7 no-js\" id=\"wpcf7-f227-o1\" lang=\"de-DE\" dir=\"ltr\" data-wpcf7-id=\"227\">\n<div class=\"screen-reader-response\"><p role=\"status\" aria-live=\"polite\" aria-atomic=\"true\"><\/p> <ul><\/ul><\/div>\n<form action=\"\/es\/wp-json\/wp\/v2\/pages\/34#wpcf7-f227-o1\" method=\"post\" class=\"wpcf7-form init\" aria-label=\"Kontaktformular\" novalidate=\"novalidate\" data-status=\"init\">\n<fieldset class=\"hidden-fields-container\"><input type=\"hidden\" name=\"_wpcf7\" value=\"227\" \/><input type=\"hidden\" name=\"_wpcf7_version\" value=\"6.1.5\" \/><input type=\"hidden\" name=\"_wpcf7_locale\" value=\"de_DE\" \/><input type=\"hidden\" name=\"_wpcf7_unit_tag\" value=\"wpcf7-f227-o1\" \/><input type=\"hidden\" name=\"_wpcf7_container_post\" value=\"0\" \/><input type=\"hidden\" name=\"_wpcf7_posted_data_hash\" value=\"\" \/><input type=\"hidden\" name=\"_cf7a__timestamp\" value=\"Xd+qQi0l+vYfVDDD7oBOQQ==\" \/><input type=\"hidden\" name=\"_cf7a_version\" value=\"1.0\" \/><input type=\"hidden\" name=\"_cf7a_address\" value=\"\" \/><input type=\"hidden\" name=\"_cf7a_referer\" value=\"\" \/><input type=\"hidden\" name=\"_cf7a_protocol\" value=\"\" \/><input type=\"hidden\" name=\"lang\" value=\"es\" \/><input type=\"hidden\" name=\"_cf7a_bot_fingerprint\" value=\"Xd+qQi0l+vYfVDDD7oBOQQ==\" \/><input type=\"hidden\" name=\"_cf7a_bot_fingerprint_extras\" \/><input type=\"hidden\" name=\"_cf7a_append_on_submit\" \/>\n<\/fieldset>\n<p><label> Nombre (*Por favor, rellenar)<br \/>\n<span class=\"wpcf7-form-control-wrap\" data-name=\"your-name\"><input type=\"text\" name=\"name\" value=\"\" autocomplete=\"fill\" class=\"fit-the-fullspace\" aria-hidden=\"true\" tabindex=\"-1\" \/><input size=\"40\" maxlength=\"400\" class=\"wpcf7-form-control wpcf7-text wpcf7-validates-as-required\" aria-required=\"true\" aria-invalid=\"false\" value=\"\" type=\"text\" name=\"your-name\" \/><\/span> <\/label>\n<\/p>\n<p><label> Correo electr\u00f3nico (*Por favor, rellenar)<br \/>\n<span class=\"wpcf7-form-control-wrap\" data-name=\"your-email\"><input size=\"40\" maxlength=\"400\" class=\"wpcf7-form-control wpcf7-email wpcf7-validates-as-required wpcf7-text wpcf7-validates-as-email\" aria-required=\"true\" aria-invalid=\"false\" value=\"\" type=\"email\" name=\"your-email\" \/><\/span> <\/label>\n<\/p>\n<p><label> Asunto (*Por favor, rellenar)<br \/>\n<span class=\"wpcf7-form-control-wrap\" data-name=\"your-subject\"><input type=\"text\" name=\"address\" value=\"\" autocomplete=\"fill\" class=\"fit-the-fullspace\" aria-hidden=\"true\" tabindex=\"-1\" \/><input size=\"40\" maxlength=\"400\" class=\"wpcf7-form-control wpcf7-text wpcf7-validates-as-required\" aria-required=\"true\" aria-invalid=\"false\" value=\"\" type=\"text\" name=\"your-subject\" \/><\/span> <\/label>\n<\/p>\n<p><label> Mensaje (*Opcional)<br \/>\n<span class=\"wpcf7-form-control-wrap\" data-name=\"your-message\"><textarea cols=\"40\" rows=\"10\" maxlength=\"2000\" class=\"wpcf7-form-control wpcf7-textarea\" aria-invalid=\"false\" name=\"your-message\"><\/textarea><\/span> <\/label>\n<\/p>\n<p><span class=\"wpcf7-form-control-wrap\" data-name=\"acceptance-441\"><span class=\"wpcf7-form-control wpcf7-acceptance\"><span class=\"wpcf7-list-item\"><label><input type=\"checkbox\" name=\"acceptance-441\" value=\"1\" aria-invalid=\"false\" \/><span class=\"wpcf7-list-item-label\">Sus datos se utilizar\u00e1n exclusivamente para la tarea o los documentos solicitados por usted. Una vez transcurridos los plazos legales de conservaci\u00f3n, los eliminaremos. Encontrar\u00e1 m\u00e1s informaci\u00f3n en nuestra declaraci\u00f3n de protecci\u00f3n de datos. Por la presente declaro mi consentimiento.<\/span><\/label><\/span><\/span><\/span>\n<\/p>\n<p><input class=\"wpcf7-form-control wpcf7-submit has-spinner\" type=\"submit\" value=\"Enviar\" \/>\n<\/p><div class=\"wpcf7-response-output\" aria-hidden=\"true\"><\/div>\n<\/form>\n<\/div>\n\n<\/div>\n<\/div>\n","protected":false},"excerpt":{"rendered":"<p>PORTO PETRO LIVING, S.L. Passeig d\u2019es Port, 5207691 Porto PetroIlles Balears, Espa\u00f1a Oficina: +34 971 86 36 02M\u00f3vil Julia Wilken: +34 637 86 99 87M\u00f3vil Andre K\u00f6th: +49 172 6695 724 | +34 633 1262 44 info@portopetro-living.comyachting@portopetro-living.comwww.portopetro-living.com Formulario de contacto<\/p>\n","protected":false},"author":1,"featured_media":0,"parent":0,"menu_order":0,"comment_status":"closed","ping_status":"closed","template":"","meta":{"neve_meta_sidebar":"full-width","neve_meta_container":"","neve_meta_enable_content_width":"","neve_meta_content_width":0,"neve_meta_title_alignment":"","neve_meta_author_avatar":"","neve_post_elements_order":"","neve_meta_disable_header":"","neve_meta_disable_footer":"","neve_meta_disable_title":"","pgc_sgb_lightbox_settings":"","footnotes":""},"class_list":["post-34","page","type-page","status-publish","hentry"],"_links":{"self":[{"href":"https:\/\/www.portopetro-living.es\/es\/wp-json\/wp\/v2\/pages\/34","targetHints":{"allow":["GET"]}}],"collection":[{"href":"https:\/\/www.portopetro-living.es\/es\/wp-json\/wp\/v2\/pages"}],"about":[{"href":"https:\/\/www.portopetro-living.es\/es\/wp-json\/wp\/v2\/types\/page"}],"author":[{"embeddable":true,"href":"https:\/\/www.portopetro-living.es\/es\/wp-json\/wp\/v2\/users\/1"}],"replies":[{"embeddable":true,"href":"https:\/\/www.portopetro-living.es\/es\/wp-json\/wp\/v2\/comments?post=34"}],"version-history":[{"count":35,"href":"https:\/\/www.portopetro-living.es\/es\/wp-json\/wp\/v2\/pages\/34\/revisions"}],"predecessor-version":[{"id":1823,"href":"https:\/\/www.portopetro-living.es\/es\/wp-json\/wp\/v2\/pages\/34\/revisions\/1823"}],"wp:attachment":[{"href":"https:\/\/www.portopetro-living.es\/es\/wp-json\/wp\/v2\/media?parent=34"}],"curies":[{"name":"wp","href":"https:\/\/api.w.org\/{rel}","templated":true}]}}