{"id":32,"date":"2022-11-03T12:27:12","date_gmt":"2022-11-03T11:27:12","guid":{"rendered":"https:\/\/www.portopetro-living.es\/?page_id=32"},"modified":"2023-05-05T10:12:31","modified_gmt":"2023-05-05T08:12:31","slug":"ueber-uns","status":"publish","type":"page","link":"https:\/\/www.portopetro-living.es\/es\/ueber-uns\/","title":{"rendered":"Sobre nosotros"},"content":{"rendered":"\n<p><\/p>\n\n\n\n<div class=\"wp-block-columns is-layout-flex wp-container-core-columns-is-layout-9d6595d7 wp-block-columns-is-layout-flex\">\n<div class=\"wp-block-column is-layout-flow wp-block-column-is-layout-flow\">\n<figure class=\"wp-block-image size-large\"><img decoding=\"async\" src=\"https:\/\/www.portopetro-living.es\/wp-content\/uploads\/2023\/05\/Andre_und_Julia_kleiner-die-zweite.jpg\" alt=\"Julia Wilken &#038; Andre K\u00f6th - Ihre Kontakte auf Mallorca\"\/><\/figure>\n\n\n\n<p><\/p>\n\n\n\n<p><strong>Hola! Somos Julia Wilken y Andr\u00e9 Koeth.<br><\/strong>Ofrecemos propiedades y yates en el sureste de Mallorca &#8211; as\u00ed como todos los servicios necesarios en el proceso de compraventa.<\/p>\n\n\n\n<div style=\"height:25px\" aria-hidden=\"true\" class=\"wp-block-spacer\"><\/div>\n<\/div>\n\n\n\n<div class=\"wp-block-column is-layout-flow wp-block-column-is-layout-flow\">\n<iframe loading=\"lazy\" width=\"560\" height=\"315\" src=\"https:\/\/www.youtube-nocookie.com\/embed\/P2-y5B4Extc\" title=\"YouTube video player\" frameborder=\"0\" allow=\"accelerometer; autoplay; clipboard-write; encrypted-media; gyroscope; picture-in-picture; web-share\" allowfullscreen><\/iframe>\n\n\n\n<p><\/p>\n\n\n\n<p>Con la experiencia en el sector inmobiliario y n\u00e1utico, guiamos a los clientes durante el proceso de la compraventa y brindamos el apoyo necesario para que ambas partes se sientan c\u00f3modas y bien informadas en todo momento!<\/p>\n<\/div>\n<\/div>\n\n\n\n<div style=\"height:25px\" aria-hidden=\"true\" class=\"wp-block-spacer\"><\/div>\n\n\n\n<div class=\"wp-block-buttons is-layout-flex wp-block-buttons-is-layout-flex\">\n<div class=\"wp-block-button\"><a class=\"wp-block-button__link has-nv-site-bg-color has-text-color has-background wp-element-button\" href=\"https:\/\/g.co\/kgs\/eoc5bc\" style=\"background-color:#6db3e3\" target=\"_blank\" rel=\"noreferrer noopener\">NUESTRAS RESE\u00d1AS DE GOOGLE<\/a><\/div>\n<\/div>\n\n\n\n<div style=\"height:50px\" aria-hidden=\"true\" class=\"wp-block-spacer\"><\/div>\n\n\n\n<div class=\"wp-block-columns is-layout-flex wp-container-core-columns-is-layout-9d6595d7 wp-block-columns-is-layout-flex\">\n<div class=\"wp-block-column is-layout-flow wp-block-column-is-layout-flow\">\n<p><strong>Andreas Riess<\/strong>:<\/p>\n\n\n\n<p>\u201cCompramos un barco en 2022. El asesoramiento y el servicio fueron completos y s\u00faper competentes. Todos los tr\u00e1mites han sido completados y los documentos recopilados adecuadamente. Perfecto. Prueba de mar y clases de navegaci\u00f3n. Organizaci\u00f3n del amarre. Servicio de invierno y nave organizada. No podr\u00eda ser mejor.<br>Os deseo \u00e9xito continuo, AR\u201d<\/p>\n\n\n\n<div style=\"height:30px\" aria-hidden=\"true\" class=\"wp-block-spacer\"><\/div>\n\n\n\n<p><strong>Andreas Rassloff<\/strong>:<\/p>\n\n\n\n<p>\u201cApreciaci\u00f3n absolutamente m\u00e1xima para Julia y Andre en t\u00e9rminos de apoyo, experiencia y compromiso \u2026 en el agua y en tierra. Estamos muy satisfechos hasta el d\u00eda de hoy y nos alegramos de conoceros siendo vosotros personas s\u00faper comprometidas y s\u00edmpaticas.\u201c<\/p>\n<\/div>\n\n\n\n<div class=\"wp-block-column is-layout-flow wp-block-column-is-layout-flow\">\n<p><strong>Dirk M\u00fcndlein<\/strong>:<\/p>\n\n\n\n<p>\u201cAndre se hizo cargo de un caso muy dif\u00edcil para m\u00ed, un yate de aluminio de 20m que no hab\u00eda estado en funcionamiento durante algunos a\u00f1os. Estaba desesperado, pero \u00e9l encontr\u00f3 exactamente a la persona adecuada para mi barco. Pero lo m\u00e1s importante para m\u00ed fue que Andre siempre estaba atento a cada problema, dominaba todos los problemas y a\u00fan pod\u00eda contar con su ayuda despu\u00e9s de la venta. Definitivamente recomendable. Gracias Andr\u00e9\u201c<\/p>\n\n\n\n<div style=\"height:30px\" aria-hidden=\"true\" class=\"wp-block-spacer\"><\/div>\n\n\n\n<p><strong>Carsten Wilde<\/strong>:<\/p>\n\n\n\n<p>\u201cAsesoramiento perfecto: desde las visitas, la negociaci\u00f3n del precio y redacci\u00f3n del contrato hasta la cita notarial. Experimentamos un proceso sin dificultades, aunque apenas hablamos espa\u00f1ol. Muchas gracias a Julia Wilken y su equipo, quienes nos han estado apoyando cort\u00e9smente con todas las preguntas durante semanas, todavia hoy despu\u00e9s de comprar la propiedad est\u00e1n disponibles para asesorarnos. No hay nada mejor que eso.\u201c<\/p>\n<\/div>\n<\/div>\n","protected":false},"excerpt":{"rendered":"<p>Hola! Somos Julia Wilken y Andr\u00e9 Koeth.Ofrecemos propiedades y yates en el sureste de Mallorca &#8211; as\u00ed como todos los servicios necesarios en el proceso de compraventa. Con la experiencia en el sector inmobiliario y n\u00e1utico, guiamos a los clientes durante el proceso de la compraventa y brindamos el apoyo necesario para que ambas partes&hellip;&nbsp;<a href=\"https:\/\/www.portopetro-living.es\/es\/ueber-uns\/\" rel=\"bookmark\">Leer m\u00e1s &raquo;<span class=\"screen-reader-text\">Sobre nosotros<\/span><\/a><\/p>\n","protected":false},"author":1,"featured_media":0,"parent":0,"menu_order":0,"comment_status":"closed","ping_status":"closed","template":"","meta":{"neve_meta_sidebar":"","neve_meta_container":"","neve_meta_enable_content_width":"","neve_meta_content_width":0,"neve_meta_title_alignment":"","neve_meta_author_avatar":"","neve_post_elements_order":"","neve_meta_disable_header":"","neve_meta_disable_footer":"","neve_meta_disable_title":"","pgc_sgb_lightbox_settings":"","footnotes":""},"class_list":["post-32","page","type-page","status-publish","hentry"],"_links":{"self":[{"href":"https:\/\/www.portopetro-living.es\/es\/wp-json\/wp\/v2\/pages\/32","targetHints":{"allow":["GET"]}}],"collection":[{"href":"https:\/\/www.portopetro-living.es\/es\/wp-json\/wp\/v2\/pages"}],"about":[{"href":"https:\/\/www.portopetro-living.es\/es\/wp-json\/wp\/v2\/types\/page"}],"author":[{"embeddable":true,"href":"https:\/\/www.portopetro-living.es\/es\/wp-json\/wp\/v2\/users\/1"}],"replies":[{"embeddable":true,"href":"https:\/\/www.portopetro-living.es\/es\/wp-json\/wp\/v2\/comments?post=32"}],"version-history":[{"count":84,"href":"https:\/\/www.portopetro-living.es\/es\/wp-json\/wp\/v2\/pages\/32\/revisions"}],"predecessor-version":[{"id":4415,"href":"https:\/\/www.portopetro-living.es\/es\/wp-json\/wp\/v2\/pages\/32\/revisions\/4415"}],"wp:attachment":[{"href":"https:\/\/www.portopetro-living.es\/es\/wp-json\/wp\/v2\/media?parent=32"}],"curies":[{"name":"wp","href":"https:\/\/api.w.org\/{rel}","templated":true}]}}