{"id":24,"date":"2022-11-03T12:25:34","date_gmt":"2022-11-03T11:25:34","guid":{"rendered":"https:\/\/www.portopetro-living.es\/?page_id=24"},"modified":"2025-07-04T10:56:34","modified_gmt":"2025-07-04T08:56:34","slug":"start","status":"publish","type":"page","link":"https:\/\/www.portopetro-living.es\/es\/","title":{"rendered":""},"content":{"rendered":"\n<div style=\"height:50px\" aria-hidden=\"true\" class=\"wp-block-spacer\"><\/div>\n\n\n\n<h1 class=\"wp-block-heading has-text-align-center\">Su sue\u00f1o de una propiedad o yate en Mallorca<\/h1>\n\n\n\n<div style=\"height:50px\" aria-hidden=\"true\" class=\"wp-block-spacer\"><\/div>\n\n\n\n<div class=\"wp-block-columns is-layout-flex wp-container-core-columns-is-layout-9d6595d7 wp-block-columns-is-layout-flex\">\n<div class=\"wp-block-column is-layout-flow wp-block-column-is-layout-flow\">\n<h2 class=\"wp-block-heading has-text-align-center\">Inmuebles<\/h2>\n\n\n\n<p>Tan diversa como es la isla en t\u00e9rminos de su naturaleza y paisaje, tanto var\u00eda su gama de propiedades que se ofrecen. De apartamentos a fincas y villas en primera l\u00ednea de mar &#8211; Mallorca tiene todo para ofrecer. \u00bfLe gustar\u00eda disfrutar del clima mediterr\u00e1neo, del encanto de la isla y de la calidad de vida en el Sur durante todo el a\u00f1o o como una atractiva segunda residencia? Para que usted pueda encontrar su propiedad de encanto, nosotros &#8211; el equipo de Porto Petro Living &#8211; estaremos a su disposici\u00f3n.<\/p>\n\n\n\n<p>\u00bfO le gustar\u00eda vender su propiedad en Mallorca y est\u00e1 buscando una buena agencia local con un red de servicios sofisticado y bien establecido?<br>Nos gustar\u00eda ayudarle.<\/p>\n<\/div>\n\n\n\n<div class=\"wp-block-column is-layout-flow wp-block-column-is-layout-flow\">\n<h2 class=\"wp-block-heading has-text-align-center\">Yates<\/h2>\n\n\n\n<p>De peque\u00f1as playas id\u00edlicas en calas aisladas en el noreste a playas de arena maravillosas en reservas naturales tranquilas y la playa de arena kilom\u00e9trica, probablemente la m\u00e1s conocida, \u00abEs Trenc\u00bb<br>en el sureste a los animados puertos de la ciudad de Palma de Mallorca y los puertos de las estrellas y estrellitas en el suroeste, Mallorca tambi\u00e9n es muy diversa en el mar. \u00bfLe gustar\u00eda descubrir Mallorca y las Baleares? Para que usted pueda encontrar su yate de encanto, nosotros &#8211; el equipo de Porto Petro Living &#8211; estaremos a su disposici\u00f3n.<\/p>\n\n\n\n<p>\u00bfO le gustar\u00eda vender su yate y est\u00e1 buscando una buena agencia local con un red de servicios sofisticado y bien establecido?<br>Nos gustar\u00eda ayudarle.<\/p>\n<\/div>\n<\/div>\n\n\n\n<div style=\"height:50px\" aria-hidden=\"true\" class=\"wp-block-spacer\"><\/div>\n\n\n\n<h3 class=\"wp-block-heading has-text-align-center\">NUESTRAS RECOMENDACIONES INMOBILIARIAS<\/h3>\n\n\n<ul class=\"wp-block-latest-posts__list is-grid columns-3 wp-block-latest-posts\"><li><div class=\"wp-block-latest-posts__featured-image\"><a href=\"https:\/\/www.portopetro-living.es\/es\/ref-pro242-elegant-villa-with-spacious-open-plan-living-areas-high-end-finishes-and-large-saltwater-pool-in-an-exclusive-location-in-porto-petro-punta-des-port\/\" aria-label=\"Ref. PRO242 &#8211; Elegant villa with spacious open-plan living areas, high-end finishes and large saltwater pool in an exclusive location in Porto Petro, Punta d\u2019es Port\"><img loading=\"lazy\" decoding=\"async\" width=\"1024\" height=\"767\" src=\"https:\/\/www.portopetro-living.es\/wp-content\/uploads\/2026\/03\/00_Titel-PRO242-1024x767.jpg\" class=\"attachment-large size-large wp-post-image\" alt=\"\" style=\"\" srcset=\"https:\/\/www.portopetro-living.es\/wp-content\/uploads\/2026\/03\/00_Titel-PRO242-1024x767.jpg 1024w, https:\/\/www.portopetro-living.es\/wp-content\/uploads\/2026\/03\/00_Titel-PRO242-300x225.jpg 300w, https:\/\/www.portopetro-living.es\/wp-content\/uploads\/2026\/03\/00_Titel-PRO242-768x575.jpg 768w, https:\/\/www.portopetro-living.es\/wp-content\/uploads\/2026\/03\/00_Titel-PRO242.jpg 1280w\" sizes=\"auto, (max-width: 1024px) 100vw, 1024px\" \/><\/a><\/div><a class=\"wp-block-latest-posts__post-title\" href=\"https:\/\/www.portopetro-living.es\/es\/ref-pro242-elegant-villa-with-spacious-open-plan-living-areas-high-end-finishes-and-large-saltwater-pool-in-an-exclusive-location-in-porto-petro-punta-des-port\/\">Ref. PRO242 &#8211; Elegant villa with spacious open-plan living areas, high-end finishes and large saltwater pool in an exclusive location in Porto Petro, Punta d\u2019es Port<\/a><\/li>\n<li><div class=\"wp-block-latest-posts__featured-image\"><a href=\"https:\/\/www.portopetro-living.es\/es\/ref-pro241-stylish-finca-property-in-a-unique-location-with-infinity-pool-large-underground-car-park-and-sensational-views-of-the-open-sea-santanyi-and-the-island-of-cabrera\/\" aria-label=\"Ref. PRO241 &#8211; Stylish finca property in a unique location with infinity pool, large underground car park and sensational views of the open sea, Santanyi and the island of Cabrera\"><img loading=\"lazy\" decoding=\"async\" width=\"1024\" height=\"781\" src=\"https:\/\/www.portopetro-living.es\/wp-content\/uploads\/2026\/03\/00_Titel-1024x781.jpg\" class=\"attachment-large size-large wp-post-image\" alt=\"\" style=\"\" srcset=\"https:\/\/www.portopetro-living.es\/wp-content\/uploads\/2026\/03\/00_Titel-1024x781.jpg 1024w, https:\/\/www.portopetro-living.es\/wp-content\/uploads\/2026\/03\/00_Titel-300x229.jpg 300w, https:\/\/www.portopetro-living.es\/wp-content\/uploads\/2026\/03\/00_Titel-768x586.jpg 768w, https:\/\/www.portopetro-living.es\/wp-content\/uploads\/2026\/03\/00_Titel.jpg 1280w\" sizes=\"auto, (max-width: 1024px) 100vw, 1024px\" \/><\/a><\/div><a class=\"wp-block-latest-posts__post-title\" href=\"https:\/\/www.portopetro-living.es\/es\/ref-pro241-stylish-finca-property-in-a-unique-location-with-infinity-pool-large-underground-car-park-and-sensational-views-of-the-open-sea-santanyi-and-the-island-of-cabrera\/\">Ref. PRO241 &#8211; Stylish finca property in a unique location with infinity pool, large underground car park and sensational views of the open sea, Santanyi and the island of Cabrera<\/a><\/li>\n<li><div class=\"wp-block-latest-posts__featured-image\"><a href=\"https:\/\/www.portopetro-living.es\/es\/ref-pro236-charming-newly-built-finca-with-spacious-pool-in-a-sensational-location-within-walking-distance-to-the-sea-and-the-harbor-of-porto-petro\/\" aria-label=\"Ref. PRO236 &#8211; Charming newly built finca with spacious pool in a sensational location, within walking distance to the sea and the harbor of Porto Petro\"><img loading=\"lazy\" decoding=\"async\" width=\"1024\" height=\"767\" src=\"https:\/\/www.portopetro-living.es\/wp-content\/uploads\/2025\/11\/00_PRO236-1024x767.jpg\" class=\"attachment-large size-large wp-post-image\" alt=\"\" style=\"\" srcset=\"https:\/\/www.portopetro-living.es\/wp-content\/uploads\/2025\/11\/00_PRO236-1024x767.jpg 1024w, https:\/\/www.portopetro-living.es\/wp-content\/uploads\/2025\/11\/00_PRO236-300x225.jpg 300w, https:\/\/www.portopetro-living.es\/wp-content\/uploads\/2025\/11\/00_PRO236-768x575.jpg 768w, https:\/\/www.portopetro-living.es\/wp-content\/uploads\/2025\/11\/00_PRO236.jpg 1280w\" sizes=\"auto, (max-width: 1024px) 100vw, 1024px\" \/><\/a><\/div><a class=\"wp-block-latest-posts__post-title\" href=\"https:\/\/www.portopetro-living.es\/es\/ref-pro236-charming-newly-built-finca-with-spacious-pool-in-a-sensational-location-within-walking-distance-to-the-sea-and-the-harbor-of-porto-petro\/\">Ref. PRO236 &#8211; Charming newly built finca with spacious pool in a sensational location, within walking distance to the sea and the harbor of Porto Petro<\/a><\/li>\n<\/ul>\n\n\n<div class=\"wp-block-buttons is-content-justification-center is-layout-flex wp-container-core-buttons-is-layout-16018d1d wp-block-buttons-is-layout-flex\">\n<div class=\"wp-block-button\"><a class=\"wp-block-button__link has-nv-site-bg-color has-text-color has-background has-link-color wp-element-button\" href=\"https:\/\/www.portopetro-living.es\/es\/immobilien\/\" style=\"background-color:#6db3e3\">NUESTRAS OFERTAS INMOBILIARIAS<\/a><\/div>\n<\/div>\n\n\n\n<div style=\"height:100px\" aria-hidden=\"true\" class=\"wp-block-spacer\"><\/div>\n\n\n\n<h3 class=\"wp-block-heading has-text-align-center\">NUESTRAS RECOMENDACIONES DE BARCOS Y YATES<\/h3>\n\n\n<ul class=\"wp-block-latest-posts__list is-grid columns-3 wp-block-latest-posts\"><li><div class=\"wp-block-latest-posts__featured-image\"><a href=\"https:\/\/www.portopetro-living.es\/es\/bluegame-bgx63-coco\/\" aria-label=\"Bluegame BGX63 &#8211; Coco\"><img loading=\"lazy\" decoding=\"async\" width=\"1024\" height=\"767\" src=\"https:\/\/www.portopetro-living.es\/wp-content\/uploads\/2026\/03\/00_Bluegame-1024x767.jpg\" class=\"attachment-large size-large wp-post-image\" alt=\"\" style=\"\" srcset=\"https:\/\/www.portopetro-living.es\/wp-content\/uploads\/2026\/03\/00_Bluegame-1024x767.jpg 1024w, https:\/\/www.portopetro-living.es\/wp-content\/uploads\/2026\/03\/00_Bluegame-300x225.jpg 300w, https:\/\/www.portopetro-living.es\/wp-content\/uploads\/2026\/03\/00_Bluegame-768x575.jpg 768w, https:\/\/www.portopetro-living.es\/wp-content\/uploads\/2026\/03\/00_Bluegame.jpg 1280w\" sizes=\"auto, (max-width: 1024px) 100vw, 1024px\" \/><\/a><\/div><a class=\"wp-block-latest-posts__post-title\" href=\"https:\/\/www.portopetro-living.es\/es\/bluegame-bgx63-coco\/\">Bluegame BGX63 &#8211; Coco<\/a><\/li>\n<li><div class=\"wp-block-latest-posts__featured-image\"><a href=\"https:\/\/www.portopetro-living.es\/es\/absolute-47fly-syrem-2\/\" aria-label=\"Princess V48 &#8211; Elma\"><img loading=\"lazy\" decoding=\"async\" width=\"1024\" height=\"767\" src=\"https:\/\/www.portopetro-living.es\/wp-content\/uploads\/2026\/03\/000_Elma-1024x767.jpg\" class=\"attachment-large size-large wp-post-image\" alt=\"\" style=\"\" srcset=\"https:\/\/www.portopetro-living.es\/wp-content\/uploads\/2026\/03\/000_Elma-1024x767.jpg 1024w, https:\/\/www.portopetro-living.es\/wp-content\/uploads\/2026\/03\/000_Elma-300x225.jpg 300w, https:\/\/www.portopetro-living.es\/wp-content\/uploads\/2026\/03\/000_Elma-768x575.jpg 768w, https:\/\/www.portopetro-living.es\/wp-content\/uploads\/2026\/03\/000_Elma.jpg 1280w\" sizes=\"auto, (max-width: 1024px) 100vw, 1024px\" \/><\/a><\/div><a class=\"wp-block-latest-posts__post-title\" href=\"https:\/\/www.portopetro-living.es\/es\/absolute-47fly-syrem-2\/\">Princess V48 &#8211; Elma<\/a><\/li>\n<li><div class=\"wp-block-latest-posts__featured-image\"><a href=\"https:\/\/www.portopetro-living.es\/es\/riva-86-domino-t\/\" aria-label=\"Riva 86 Domino &#8211; T\"><img loading=\"lazy\" decoding=\"async\" width=\"1024\" height=\"767\" src=\"https:\/\/www.portopetro-living.es\/wp-content\/uploads\/2026\/03\/00_Riva-86-Domino-1024x767.jpg\" class=\"attachment-large size-large wp-post-image\" alt=\"\" style=\"\" srcset=\"https:\/\/www.portopetro-living.es\/wp-content\/uploads\/2026\/03\/00_Riva-86-Domino-1024x767.jpg 1024w, https:\/\/www.portopetro-living.es\/wp-content\/uploads\/2026\/03\/00_Riva-86-Domino-300x225.jpg 300w, https:\/\/www.portopetro-living.es\/wp-content\/uploads\/2026\/03\/00_Riva-86-Domino-768x575.jpg 768w, https:\/\/www.portopetro-living.es\/wp-content\/uploads\/2026\/03\/00_Riva-86-Domino.jpg 1280w\" sizes=\"auto, (max-width: 1024px) 100vw, 1024px\" \/><\/a><\/div><a class=\"wp-block-latest-posts__post-title\" href=\"https:\/\/www.portopetro-living.es\/es\/riva-86-domino-t\/\">Riva 86 Domino &#8211; T<\/a><\/li>\n<\/ul>\n\n\n<div class=\"wp-block-buttons is-content-justification-center is-layout-flex wp-container-core-buttons-is-layout-16018d1d wp-block-buttons-is-layout-flex\">\n<div class=\"wp-block-button\"><a class=\"wp-block-button__link has-nv-site-bg-color has-text-color has-background has-link-color wp-element-button\" href=\"https:\/\/www.portopetro-living.es\/es\/yachten\/\" style=\"background-color:#6db3e3\">NUESTRAS OFERTAS DE BARCOS Y YATES<\/a><\/div>\n<\/div>\n\n\n\n<div style=\"height:100px\" aria-hidden=\"true\" class=\"wp-block-spacer\"><\/div>\n","protected":false},"excerpt":{"rendered":"<p>Su sue\u00f1o de una propiedad o yate en Mallorca Inmuebles Tan diversa como es la isla en t\u00e9rminos de su naturaleza y paisaje, tanto var\u00eda su gama de propiedades que se ofrecen. De apartamentos a fincas y villas en primera l\u00ednea de mar &#8211; Mallorca tiene todo para ofrecer. \u00bfLe gustar\u00eda disfrutar del clima mediterr\u00e1neo,&hellip;&nbsp;<a href=\"https:\/\/www.portopetro-living.es\/es\/\" rel=\"bookmark\">Leer m\u00e1s &raquo;<span class=\"screen-reader-text\"><\/span><\/a><\/p>\n","protected":false},"author":1,"featured_media":0,"parent":0,"menu_order":0,"comment_status":"closed","ping_status":"closed","template":"","meta":{"neve_meta_sidebar":"","neve_meta_container":"","neve_meta_enable_content_width":"","neve_meta_content_width":0,"neve_meta_title_alignment":"","neve_meta_author_avatar":"","neve_post_elements_order":"","neve_meta_disable_header":"","neve_meta_disable_footer":"","neve_meta_disable_title":"","pgc_sgb_lightbox_settings":"","footnotes":""},"class_list":["post-24","page","type-page","status-publish","hentry"],"_links":{"self":[{"href":"https:\/\/www.portopetro-living.es\/es\/wp-json\/wp\/v2\/pages\/24","targetHints":{"allow":["GET"]}}],"collection":[{"href":"https:\/\/www.portopetro-living.es\/es\/wp-json\/wp\/v2\/pages"}],"about":[{"href":"https:\/\/www.portopetro-living.es\/es\/wp-json\/wp\/v2\/types\/page"}],"author":[{"embeddable":true,"href":"https:\/\/www.portopetro-living.es\/es\/wp-json\/wp\/v2\/users\/1"}],"replies":[{"embeddable":true,"href":"https:\/\/www.portopetro-living.es\/es\/wp-json\/wp\/v2\/comments?post=24"}],"version-history":[{"count":114,"href":"https:\/\/www.portopetro-living.es\/es\/wp-json\/wp\/v2\/pages\/24\/revisions"}],"predecessor-version":[{"id":8073,"href":"https:\/\/www.portopetro-living.es\/es\/wp-json\/wp\/v2\/pages\/24\/revisions\/8073"}],"wp:attachment":[{"href":"https:\/\/www.portopetro-living.es\/es\/wp-json\/wp\/v2\/media?parent=24"}],"curies":[{"name":"wp","href":"https:\/\/api.w.org\/{rel}","templated":true}]}}